{"id":34,"date":"2017-08-25T21:38:35","date_gmt":"2017-08-25T19:38:35","guid":{"rendered":"https:\/\/gvr-slagzinnenregister.nl\/?page_id=34"},"modified":"2025-01-02T10:05:26","modified_gmt":"2025-01-02T09:05:26","slug":"over-gvr","status":"publish","type":"page","link":"https:\/\/gvr-slagzinnenregister.nl\/?page_id=34","title":{"rendered":"Over GVR"},"content":{"rendered":"<p><span style=\"color: #e74c3c;\"><strong><em>Introductie<\/em><\/strong><\/span><\/p>\n<p>Het Genootschap van Reclame (GVR) werd in 1923 opgericht. Op dit moment organiseert GVR twee tot drie keer per jaar besloten activiteiten voor genodigden in het reclamevak. Het genootschap bestaat momenteel uit een honderdtal leden. Het bijzondere van de huidige samenstelling van het ledenbestand van het GVR is dat het Genootschap vertegenwoordigers van reclamebureaus, opdrachtgevers, PR-bureaus, onderwijs en wetenschap bij elkaar brengt. Alle leden van GVR leveren een actieve bijdrage aan het communicatievak en hebben hun sporen verdiend. Hierdoor worden bij actuele onderwerpen vanuit verschillende invalshoeken belicht en besproken.<\/p>\n<p><span style=\"color: #e74c3c;\"><em>\u00a0<\/em><strong><em>Geschiedenis van GVR<\/em><\/strong><\/span><\/p>\n<p>Op 24 oktober 1923 werd de eerste vergadering belegd van wat aanvankelijk heette de \u2018Vereeniging voor Reclame\u2019. Op 12 februari 1927 werd deze vereniging omgezet in het \u2018Genootschap voor Reclame\u2019 (GVR) en werd op de statuten de koninklijke goedkeuring verkregen. Volgens artikel 3 van de statuten behoorde het tot de taken van het Genootschap om de \u2018ethische, sociale, aesthetische en economische betekenis van de reclame en de erkenning daarvan te bevorderen\u2019. Deze doelstellingen dienden volgens artikel 4 te worden bereikt \u2018door het doen van publicaties, het houden van lezingen en congressen, alsmede het bevorderen van de studie op het gebied van de reclame, ook aan inrichtingen van onderwijs, en het bevorderen en doen instellen van onderzoekingen omtrent de reclamevormen en hun toepassingen\u2019. De congressen namen vanaf het begin een zeer belangrijke plaats in binnen het Genootschap. Het Eerste Nederlandsche Reclamecongres \u2018Reclame en de crisis\u2019 vond plaats in het Gebouw voor Kunsten en Wetenschappen te Utrecht op 17 maart 1932. Na de Tweede Wereldoorlog werd de congrestraditie hervat. Men zocht representatieve locaties, zoals het toenmalig Indisch Instituut in Amsterdam of het Kurhaus in Scheveningen. In de jaren zestig groeiden onder leiding van de legendarische voorzitter Jhr. W. van Andringa de Kempenaer, diens opvolger J.P. Ton en directeur J.L. Klein de congressen uit tot jaarlijkse meerdaagse bijeenkomsten, waar iedereen die iets voorstelde in de reclamewereld elkaar ontmoette. De belangstelling werd zo groot dat uitgeweken werd naar de moderne faciliteiten en zalencomplexen van de RAI in Amsterdam, de Doelen in Rotterdam of de Jaarbeurs in Utrecht. Maar het GVR deed meer dan congressen organiseren. Bedrijven konden de slagzinnen waarmee ze reclame wilden maken voor hun producten laten goedkeuren door het GVR en vervolgens laten registreren in het \u2018Slagzinnenregister\u2019. Een andere belangrijke taak was het verbeteren van het imago van reclame. Het GVR wilde onbehoorlijke en consument-onvriendelijke vormen van reclame bestrijden. Dit leidde tot de oprichting in 1963 van de Commissie tot Handhaving van de Nederlandse Code voor het Reclamewezen, kortweg de Code Commissie en later de Stichting Reclame Code, waarin in 1988 ook de Reclameraad is opgenomen. Het GVR heeft altijd ook veel aandacht voor onderwijs en opleidingen gehad. Het GVR was in 1955 medeoprichter van de Stichting Reclame Onderwijs, later de Stichting voor Reclame- en Marketingonderwijs. Een laatste taak van het GVR is het verhogen van het creatieve peil van reclame-uitingen. Dit gebeurde o.a. door het vanaf het eind van de jaren vijftig toekennen van de Jaarprijzen voor diverse vormen van reclame.<\/p>\n<p>Begin jaren zeventig zocht het Genootschap in samenwerking met mensen daarbuiten naar een bredere organisatie die de belangen en doelstellingen van het reclamewezen zou moeten bevorderen. Deze initiatieven leidden tot de oprichting in mei 1972 van de Nederlandse Reclame Stichting (NRS). De NRS werd in het leven geroepen door een zestal sponsor-organisaties: de Bond van Adverteerders (BVA), het Genootschap voor Reclame, de Vereniging de Nederlandse Dagbladpers (NDP), de Nederlandse Organisatie van Tijdschrift-Uitgevers (NOTU), de Stichting Ether Reclame (STER) en de Vereniging van Erkende Reclame- Adviesbureaux (VEA). De samenwerking beoogde een bundeling van krachten en de centralisatie van enkele reeds bestaande instellingen onder \u00e9\u00e9n dak. De NRS kreeg een groter, uiteraard representatief ogend en gelegen kantoorpand, trok meer betaalde krachten aan en barstte van ambities onder leiding van voorzitter D.J. Rueb en directeur J.C. Hardeman. In het pand van de NRS werden ondermeer de stichting Reclame- en Marketingonderwijs, de stichting Media Informatiecentrum, het Genootschap voor Reclame en de Reclame Code Commissie gehuisvest. Na enkele jaren raakte de NRS echter in grote, met name financi\u00eble problemen. De NRS diende te worden geherstructureerd, rapporten volgden elkaar in snel tempo op maar uiteindelijk restte slechts de liquidatie van de eens veelbelovende NRS. Na dit intermezzo hervatte het GVR, dat \u00e9\u00e9n van de participanten in de NRS was geweest, zijn oude taken op de gebruikelijke wijze.<\/p>\n<p>Al vanaf 1928 houdt GVR een slagzinnenregister aan. Bij gebrek aan een duidelijke definitie ontstond er een wildgroei aan gedeponeerde zinnen. Daarom werd er in 1955 een GVR\/Slagzinnencommissie ge\u00efnstalleerd die duidelijke toetsingsvoorwaarden formuleerde in het Reglement GVR\/Slagzinnenregister. In 1979 werd het GVR\/Slagzinnenregister grondig herzien en de allerlaatste wijziging dateert van januari 2005.<\/p>\n<p>Op dit moment bestaat het register uit ruim 3000 (ooit) goedgekeurde slagzinnen. De oudste registraties zijn van halverwege de jaren \u201950. Zinnen van v\u00f3\u00f3r de instelling van de commissie (1955) staan niet in het huidige register. Ongeveer \u00e9\u00e9n tiende van de slagzinnen is actief geregistreerd. De andere zinnen zijn na een bepaalde registratieperiode niet verlengd door de voerders waardoor de zinnen als niet langer in gebruik kunnen worden beschouwd.<\/p>\n<p><strong><em><span style=\"color: #e74c3c;\">Anno nu<\/span> <\/em><\/strong><\/p>\n<p>Anno 2016 organiseert het bestuur van GVR twee tot drie keer bij jaar besloten evenementen voor genoten, die alleen op uitnodiging welkom zijn. Momenteel zijn er een honderdtal leden. Het bijzondere van de huidige samenstelling van het ledenbestand van het GVR is dat het Genootschap vertegenwoordigers van reclamebureaus, opdrachtgevers, PR-bureaus, onderwijs en wetenschap bij elkaar brengt. Alle leden van GVR leveren een actieve bijdrage aan het communicatievak en hebben hun sporen verdiend. Hierdoor worden bij actuele onderwerpen vanuit verschillende invalshoeken belicht en besproken.<\/p>\n<p><span style=\"color: #e74c3c;\"><strong>\u00a0<\/strong><strong><em>Coq d\u00b4honneurs<\/em><\/strong><\/span><\/p>\n<p>Jaarlijks worden in januari prijzen uitgereikt voor bijzondere bijdragen aan het reclamevak, de Coq d\u00b4honneurs. Hieronder zijn de namen van de winnaars sinds 2000 te vinden.<\/p>\n<p><strong>1995 <\/strong><\/p>\n<p>Jonge Haan: Yolanda Eijgenstein<\/p>\n<p><strong>1996<\/strong><\/p>\n<p>Jonge Haan: R. de Witte<\/p>\n<p><strong>1999<\/strong><\/p>\n<p>Jonge Haan: Mary Hoogerbrugge<\/p>\n<p><strong>2000 <\/strong><\/p>\n<p>Jonge Haan: Margot Bouwman<\/p>\n<p><strong>2001<\/strong><\/p>\n<p>Coq de Grand Honneur: Rob Benjamens<\/p>\n<p>Coq d\u2019Honneur: Sikke Bakker<\/p>\n<p>Coq d\u2019Honneur: Ko Touw<\/p>\n<p>Coq d\u2019Honneur: Pietro Tramontin<\/p>\n<p>Coq d\u2019Honneur: Henk Rottinghuis<\/p>\n<p>Jonge Haan: Marieke van den Berg<\/p>\n<p><strong>2002 <\/strong><\/p>\n<p>Coq de Grand Honneur: Ineke van der Ouderaa<\/p>\n<p>Coq d\u2019Honneur: Rene Repko<\/p>\n<p>Coq d\u2019Honneur: Edith Smit<\/p>\n<p>Coq d\u2019Honneur: Daniel Bouw<\/p>\n<p>Jonge Haan: Kim Dingler<\/p>\n<p><strong>2003<\/strong><\/p>\n<p>Coq d\u2019Honneur: Gerard Jongerius<\/p>\n<p>Coq d\u2019Honneur: Gert Sluis<\/p>\n<p>Coq d\u2019Honneur: Leo van Sister<\/p>\n<p>Coq d\u2019Honneur: Koos Gaakeer<\/p>\n<p>Jonge Haan: Thecla Schaeffer<\/p>\n<p><strong>2004<\/strong><\/p>\n<p>Coq de Grand Honneur: Wim Goosen<\/p>\n<p>Coq d\u2019Honneur: Ruper Parker Brady<\/p>\n<p>Coq d\u2019Honneur: Martijn Sanders<\/p>\n<p>Coq d\u2019Honneur: Roland de Haas<\/p>\n<p>Jonge Haan: Thomas Sanders<\/p>\n<p><strong>2005<\/strong><\/p>\n<p>Coq de Grand Honneur: Jos\u00e9 Selbach<\/p>\n<p>Coq d\u2019Honneur: Duncan Stutterheim<\/p>\n<p>Coq d\u2019Honneur: Ayaan Hirsi Ali<\/p>\n<p>Coq d\u2019Honneur: Ad Scheepbouwer<\/p>\n<p>Jonge Haan: Mattias Schut<\/p>\n<p><strong>2006 <\/strong><\/p>\n<p>Coq de Grand Honneur: Michael van Os<\/p>\n<p>Coq d\u2019Honneur: Jacques Kuyf<\/p>\n<p>Coq d\u2019Honneur: Alfred Levi<\/p>\n<p>Jonge Haan: Raymond Spanjar<\/p>\n<p><strong>2007 <\/strong><\/p>\n<p>Coq de Grand Honneur: Walter van der Mee<\/p>\n<p>Coq d\u2019Honneur: Harry Dekker<\/p>\n<p>Coq d\u2019Honneur: Nelly Kalfs<\/p>\n<p>Coq d\u2019Honneur: Stephan Fellinger<\/p>\n<p>Jonge Haan: Jasmijn Andringa<\/p>\n<p><strong>2008 <\/strong><\/p>\n<p>Coq de Grand Honneur: Paul Meijer<\/p>\n<p>Coq d\u2019Honneur: Marcel Beerthuizen<\/p>\n<p>Coq d\u2019Honneur: Marco Derksen<\/p>\n<p>Coq d\u2019Honneur: Bas Verhart<\/p>\n<p>Coq d\u2019Honneur: Marleen Stikker<\/p>\n<p>Jonge Haan: Lobke Hidding<\/p>\n<p><strong>2009 <\/strong><\/p>\n<p>Coq de Grand Honneur: Auke Visser<\/p>\n<p>Coq d\u2019Honneur: Elsbeth Polak<\/p>\n<p>Coq d\u2019Honneur: Roland van der Vorst<\/p>\n<p>Coq d\u2019Honneur: Henri van der Aat<\/p>\n<p><strong>2010<\/strong><\/p>\n<p>Coq de Grand Honneur: Fons van Westerloo<\/p>\n<p>Coq d\u2019Honneur: Ralph Wisbrun<\/p>\n<p>Coq d\u2019Honneur: Jeroen de Bakker<\/p>\n<p>Jonge Haan: Rogier Ijzermans<\/p>\n<p><strong>2011 <\/strong><\/p>\n<p>Coq de Grand Honneur: Rob Benjamens<\/p>\n<p>Coq d\u2019Honneur: Aad Kuijper<\/p>\n<p>Coq d\u2019Honneur: Jan Driessen<\/p>\n<p>Jonge Haan: Boris Nihom<\/p>\n<p><strong>2012<\/strong><\/p>\n<p>Coq de Grand Honneur: Fred Bronner<\/p>\n<p>Coq de Grand Honneur: Fred van Raay<\/p>\n<p>Coq d\u2019Honneur: Ruud de Langen<\/p>\n<p>Coq d\u2019Honneur: Arian Buurman<\/p>\n<p>Jonge Haan: Ernst Jan Pfauth<\/p>\n<p><strong>2013<\/strong><\/p>\n<p>Coq de Grand Honneur: Derk Sauer<\/p>\n<p>Coq d\u2019Honneur: Henk Scheenstra<\/p>\n<p>Coq d\u2019Honneur: Willem Sijthoff<\/p>\n<p>Jonge Haan: Jo\u00eblle Wehkamp<\/p>\n<p><strong>2014 <\/strong><\/p>\n<p>Coq de Grand Honneur: Jan Knaap<\/p>\n<p>Coq d\u00b4Honneur: Mary Hoogerbrugge<\/p>\n<p>Coq d\u00b4Honneur: Jack de Vries<\/p>\n<p>Coq d\u00b4Honneur: Ole Christern<\/p>\n<p>Jonge Haan: Hilde Voorveld<\/p>\n<p><strong>2015 <\/strong><\/p>\n<p>Coq de Grand Honneur: Lode Schafer<\/p>\n<p>Coq d\u00b4Honneur: Barbera Wolfensberger<\/p>\n<p>Coq d\u00b4Honneur: Mark Woerde<\/p>\n<p>Jonge Haan: Marten Blankesteijn<\/p>\n<p>Bij afscheid als voorzitter GVR: Ruud Polman<\/p>\n<p><strong>2016<\/strong><\/p>\n<p>Coq de Grand Honneur: Marc Oosterhout<\/p>\n<p>Coq d\u2019Honneur: Wesley ter Haar<\/p>\n<p>Coq d\u2019Honneur: Astrid Prummel<\/p>\n<p>Coq d\u2019Honneur: Roel Welsing<\/p>\n<p>Jonge Haan: Sanne Kruikemeier<\/p>\n<p><strong>2017<\/strong><\/p>\n<p>Coq de Grand Honneur: Ralph Wisbrun<\/p>\n<p>Coq d\u2019Honneur: Willem-Albert Bol<\/p>\n<p>Coq d\u2019Honneur: Hans Brouwer<\/p>\n<p>Coq d\u2019Honneur: Marion Koopman<\/p>\n<p>Jonge Haan: Rein Hannah Bojahr<\/p>\n<p><strong>2018<\/strong><\/p>\n<p>Coq de Grand Honneur:\u00a0Christian van Thillo<\/p>\n<p>Coq d\u2019Honneur:\u00a0Dinesh Sonak<\/p>\n<p>Coq d\u2019Honneur:\u00a0Nathalie Peters<\/p>\n<p>Coq d\u2019Honneur:\u00a0Slaven Mandic<\/p>\n<p>Jonge Haan:\u00a0Jip Samhoud<\/p>\n<p><strong>2019<\/strong><\/p>\n<p>Coq de Grand Honneur:\u00a0John de Mol<\/p>\n<p>Coq de Grand Honneur: Simon Neefjes<\/p>\n<p>Coq d\u2019Honneur:\u00a0Hans Erik Tuijt<\/p>\n<p>Coq d\u2019Honneur:\u00a0Yvette Belt<\/p>\n<p>Coq d\u2019Honneur: Peter Neijens<\/p>\n<p>Jonge Haan:\u00a0Safi Graauw<\/p>\n<p><strong>2020<\/strong><\/p>\n<p>Coq de Grand Honneur:\u00a0Aad Kuijper<strong><br \/>\n<\/strong><\/p>\n<p>Coq d\u2019Honneur: Atva Van Zanten<\/p>\n<p>Coq d\u2019Honneur:\u00a0Cas Biesta<\/p>\n<p>Coq d\u2019Honneur: Arno de Jong<\/p>\n<p>Jonge Haan: Jurian van der Hoeven<\/p>\n<p><strong>2023<\/strong><\/p>\n<p>Coq de Grand Honneur: Paul Manuel<\/p>\n<p>Coq d&#8217;Honneur: Isabel Boerdam<\/p>\n<p>Coq d&#8217;Honneur: Kyra Roest<\/p>\n<p>Coq d&#8217;Honneur: Patritia Pahladsing<\/p>\n<p>Jonge Haan: Miles Momoh<\/p>\n<p><strong>2024<\/strong><\/p>\n<p>Coq de Grand Honneur: Harry Dekker<\/p>\n<p>Coq d&#8217;Honneur: Yvonne Nassar<\/p>\n<p>Coq d&#8217;Honneur: Baba Toure<\/p>\n<p>Coq d&#8217;Honneur: Peeter Verlegh<\/p>\n<p>Jonge Haan: Emma Branderhorst<\/p>\n<p><strong><em><span style=\"color: #e74c3c;\">Bestuur<\/span> <\/em><\/strong><\/p>\n<p>Het Genootschap wordt geleid door een bestuur, dat o.a. verantwoordelijk is voor het organiseren van jaarlijks terugkerende evenementen. Dit bestuur bestaat uit Jip Samhoud (Voorzitter), Inge Ligthart, Kyra Roest, Sophie Boerman, Stijn Mentrop, Daan Jongen, Tijmen van Rooijen, Reinier Steures.<\/p>\n","protected":false},"excerpt":{"rendered":"<p>Introductie Het Genootschap van Reclame (GVR) werd in 1923 opgericht. Op dit moment organiseert GVR twee tot drie keer per jaar besloten activiteiten voor genodigden in het reclamevak. Het genootschap &hellip; <\/p>\n","protected":false},"author":3,"featured_media":0,"parent":0,"menu_order":0,"comment_status":"closed","ping_status":"closed","template":"","meta":{"footnotes":""},"class_list":["post-34","page","type-page","status-publish","hentry"],"_links":{"self":[{"href":"https:\/\/gvr-slagzinnenregister.nl\/index.php?rest_route=\/wp\/v2\/pages\/34","targetHints":{"allow":["GET"]}}],"collection":[{"href":"https:\/\/gvr-slagzinnenregister.nl\/index.php?rest_route=\/wp\/v2\/pages"}],"about":[{"href":"https:\/\/gvr-slagzinnenregister.nl\/index.php?rest_route=\/wp\/v2\/types\/page"}],"author":[{"embeddable":true,"href":"https:\/\/gvr-slagzinnenregister.nl\/index.php?rest_route=\/wp\/v2\/users\/3"}],"replies":[{"embeddable":true,"href":"https:\/\/gvr-slagzinnenregister.nl\/index.php?rest_route=%2Fwp%2Fv2%2Fcomments&post=34"}],"version-history":[{"count":14,"href":"https:\/\/gvr-slagzinnenregister.nl\/index.php?rest_route=\/wp\/v2\/pages\/34\/revisions"}],"predecessor-version":[{"id":1293,"href":"https:\/\/gvr-slagzinnenregister.nl\/index.php?rest_route=\/wp\/v2\/pages\/34\/revisions\/1293"}],"wp:attachment":[{"href":"https:\/\/gvr-slagzinnenregister.nl\/index.php?rest_route=%2Fwp%2Fv2%2Fmedia&parent=34"}],"curies":[{"name":"wp","href":"https:\/\/api.w.org\/{rel}","templated":true}]}}